{"id":1680,"date":"2018-04-13T14:34:19","date_gmt":"2018-04-13T13:34:19","guid":{"rendered":"http:\/\/www.dentistarium.com\/?page_id=1680\/"},"modified":"2018-04-23T19:12:07","modified_gmt":"2018-04-23T18:12:07","slug":"implantology-service","status":"publish","type":"page","link":"https:\/\/www.dentistarium.com\/en\/meet-the-dentists\/implantology-service\/","title":{"rendered":"Implantology service"},"content":{"rendered":"<p>[vc_row full_width=&#8221;stretch_row_content_no_spaces&#8221; el_class=&#8221;equipe_section_one dentistes_section_one&#8221;][vc_column width=&#8221;1\/2&#8243; el_class=&#8221;equipe_section_one_text_div&#8221;][vc_column_text el_class=&#8221;equipe_section_one_title&#8221; css=&#8221;.vc_custom_1521661137943{margin-bottom: 0px !important;}&#8221;]<\/p>\n<h2>Dr Louis Poirier<\/h2>\n<p>[\/vc_column_text][vc_column_text el_class=&#8221;equipe_section_one_text&#8221; css=&#8221;.vc_custom_1524506939573{margin-bottom: 0px !important;}&#8221;]Dr. Louis Poirier has been practicing dentistry for over 30 years and has completed numerous dental implant courses in the last ten years.<br \/>\nThe technologies evolve rapidly, which is why he is constantly working on perfecting his techniques.<\/p>\n<p>Dr. Louis Poirier listens to your needs in implant prosthetics and offers you the best options for you, making sure to guide you to an informed choice.<\/p>\n<p>In a relaxed and cordial atmosphere, he will provide you with the necessary care to help you achieve optimal oral health.<\/p>\n<p>If you want to find the pleasure of smiling and eating, and finally regain your self-confidence, come and meet me. Can I help you.[\/vc_column_text][\/vc_column][vc_column width=&#8221;1\/2&#8243; el_class=&#8221;equipe_section_one_img_div&#8221;][vc_single_image image=&#8221;1594&#8243; img_size=&#8221;full&#8221; el_class=&#8221;equipe_section_one_img&#8221; css=&#8221;.vc_custom_1521661221524{margin-bottom: 0px !important;}&#8221;][\/vc_column][\/vc_row]<\/p>\n","protected":false},"excerpt":{"rendered":"<p>[vc_row full_width=&#8221;stretch_row_content_no_spaces&#8221; el_class=&#8221;equipe_section_one dentistes_section_one&#8221;][vc_column width=&#8221;1\/2&#8243; el_class=&#8221;equipe_section_one_text_div&#8221;][vc_column_text el_class=&#8221;equipe_section_one_title&#8221; css=&#8221;.vc_custom_1521661137943{margin-bottom: 0px !important;}&#8221;] Dr Louis Poirier [\/vc_column_text][vc_column_text el_class=&#8221;equipe_section_one_text&#8221; css=&#8221;.vc_custom_1524506939573{margin-bottom: 0px !important;}&#8221;]Dr. Louis Poirier has been practicing dentistry for over 30 years and has completed numerous dental implant courses in the last ten years. The technologies evolve rapidly, which is why he is constantly working on perfecting his techniques.<a class=\"readmore_exerpt\" href=\"https:\/\/www.dentistarium.com\/en\/meet-the-dentists\/implantology-service\/\" rel=\"nofollow\"> [&#8230;]<\/a><\/p>\n","protected":false},"author":2,"featured_media":0,"parent":1237,"menu_order":0,"comment_status":"closed","ping_status":"closed","template":"","meta":{"footnotes":""},"class_list":["post-1680","page","type-page","status-publish","hentry"],"yoast_head":"<!-- This site is optimized with the Yoast SEO plugin v24.4 - https:\/\/yoast.com\/wordpress\/plugins\/seo\/ -->\n<title>Sp\u00e9cialiste Anjou Montreal | Centre Dentaire Boulevard Galeries d&#039;Anjou<\/title>\n<meta name=\"description\" content=\"Pr\u00e9sentation des sp\u00e9cialistes du Centre Dentaire Boulevard Galeries d&#039;Anjou.\" \/>\n<meta name=\"robots\" content=\"index, follow, max-snippet:-1, max-image-preview:large, max-video-preview:-1\" \/>\n<link rel=\"canonical\" href=\"https:\/\/www.dentistarium.com\/en\/meet-the-dentists\/implantology-service\/\" \/>\n<meta property=\"og:locale\" content=\"en_US\" \/>\n<meta property=\"og:type\" content=\"article\" \/>\n<meta property=\"og:title\" content=\"Sp\u00e9cialiste Anjou Montreal | Centre Dentaire Boulevard Galeries d&#039;Anjou\" \/>\n<meta property=\"og:description\" content=\"Pr\u00e9sentation des sp\u00e9cialistes du Centre Dentaire Boulevard Galeries d&#039;Anjou.\" \/>\n<meta property=\"og:url\" content=\"https:\/\/www.dentistarium.com\/en\/meet-the-dentists\/implantology-service\/\" \/>\n<meta property=\"og:site_name\" content=\"Boulevard Galeries Anjou | Dental Clinic\" \/>\n<meta property=\"article:modified_time\" content=\"2018-04-23T18:12:07+00:00\" \/>\n<meta name=\"twitter:card\" content=\"summary_large_image\" \/>\n<meta name=\"twitter:label1\" content=\"Est. reading time\" \/>\n\t<meta name=\"twitter:data1\" content=\"1 minute\" \/>\n<script type=\"application\/ld+json\" class=\"yoast-schema-graph\">{\"@context\":\"https:\/\/schema.org\",\"@graph\":[{\"@type\":\"WebPage\",\"@id\":\"https:\/\/www.dentistarium.com\/en\/meet-the-dentists\/implantology-service\/\",\"url\":\"https:\/\/www.dentistarium.com\/en\/meet-the-dentists\/implantology-service\/\",\"name\":\"Sp\u00e9cialiste Anjou Montreal | Centre Dentaire Boulevard Galeries d'Anjou\",\"isPartOf\":{\"@id\":\"https:\/\/www.dentistarium.com\/en\/#website\"},\"datePublished\":\"2018-04-13T13:34:19+00:00\",\"dateModified\":\"2018-04-23T18:12:07+00:00\",\"description\":\"Pr\u00e9sentation des sp\u00e9cialistes du Centre Dentaire Boulevard Galeries d'Anjou.\",\"breadcrumb\":{\"@id\":\"https:\/\/www.dentistarium.com\/en\/meet-the-dentists\/implantology-service\/#breadcrumb\"},\"inLanguage\":\"en-US\",\"potentialAction\":[{\"@type\":\"ReadAction\",\"target\":[\"https:\/\/www.dentistarium.com\/en\/meet-the-dentists\/implantology-service\/\"]}]},{\"@type\":\"BreadcrumbList\",\"@id\":\"https:\/\/www.dentistarium.com\/en\/meet-the-dentists\/implantology-service\/#breadcrumb\",\"itemListElement\":[{\"@type\":\"ListItem\",\"position\":1,\"name\":\"Home\",\"item\":\"https:\/\/www.dentistarium.com\/en\/\"},{\"@type\":\"ListItem\",\"position\":2,\"name\":\"Meet the dentists\",\"item\":\"https:\/\/www.dentistarium.com\/en\/meet-the-dentists\/\"},{\"@type\":\"ListItem\",\"position\":3,\"name\":\"Implantology service\"}]},{\"@type\":\"WebSite\",\"@id\":\"https:\/\/www.dentistarium.com\/en\/#website\",\"url\":\"https:\/\/www.dentistarium.com\/en\/\",\"name\":\"Boulevard Galeries Anjou | Dental Clinic\",\"description\":\"\",\"potentialAction\":[{\"@type\":\"SearchAction\",\"target\":{\"@type\":\"EntryPoint\",\"urlTemplate\":\"https:\/\/www.dentistarium.com\/en\/?s={search_term_string}\"},\"query-input\":{\"@type\":\"PropertyValueSpecification\",\"valueRequired\":true,\"valueName\":\"search_term_string\"}}],\"inLanguage\":\"en-US\"}]}<\/script>\n<!-- \/ Yoast SEO plugin. -->","yoast_head_json":{"title":"Sp\u00e9cialiste Anjou Montreal | Centre Dentaire Boulevard Galeries d'Anjou","description":"Pr\u00e9sentation des sp\u00e9cialistes du Centre Dentaire Boulevard Galeries d'Anjou.","robots":{"index":"index","follow":"follow","max-snippet":"max-snippet:-1","max-image-preview":"max-image-preview:large","max-video-preview":"max-video-preview:-1"},"canonical":"https:\/\/www.dentistarium.com\/en\/meet-the-dentists\/implantology-service\/","og_locale":"en_US","og_type":"article","og_title":"Sp\u00e9cialiste Anjou Montreal | Centre Dentaire Boulevard Galeries d'Anjou","og_description":"Pr\u00e9sentation des sp\u00e9cialistes du Centre Dentaire Boulevard Galeries d'Anjou.","og_url":"https:\/\/www.dentistarium.com\/en\/meet-the-dentists\/implantology-service\/","og_site_name":"Boulevard Galeries Anjou | Dental Clinic","article_modified_time":"2018-04-23T18:12:07+00:00","twitter_card":"summary_large_image","twitter_misc":{"Est. reading time":"1 minute"},"schema":{"@context":"https:\/\/schema.org","@graph":[{"@type":"WebPage","@id":"https:\/\/www.dentistarium.com\/en\/meet-the-dentists\/implantology-service\/","url":"https:\/\/www.dentistarium.com\/en\/meet-the-dentists\/implantology-service\/","name":"Sp\u00e9cialiste Anjou Montreal | Centre Dentaire Boulevard Galeries d'Anjou","isPartOf":{"@id":"https:\/\/www.dentistarium.com\/en\/#website"},"datePublished":"2018-04-13T13:34:19+00:00","dateModified":"2018-04-23T18:12:07+00:00","description":"Pr\u00e9sentation des sp\u00e9cialistes du Centre Dentaire Boulevard Galeries d'Anjou.","breadcrumb":{"@id":"https:\/\/www.dentistarium.com\/en\/meet-the-dentists\/implantology-service\/#breadcrumb"},"inLanguage":"en-US","potentialAction":[{"@type":"ReadAction","target":["https:\/\/www.dentistarium.com\/en\/meet-the-dentists\/implantology-service\/"]}]},{"@type":"BreadcrumbList","@id":"https:\/\/www.dentistarium.com\/en\/meet-the-dentists\/implantology-service\/#breadcrumb","itemListElement":[{"@type":"ListItem","position":1,"name":"Home","item":"https:\/\/www.dentistarium.com\/en\/"},{"@type":"ListItem","position":2,"name":"Meet the dentists","item":"https:\/\/www.dentistarium.com\/en\/meet-the-dentists\/"},{"@type":"ListItem","position":3,"name":"Implantology service"}]},{"@type":"WebSite","@id":"https:\/\/www.dentistarium.com\/en\/#website","url":"https:\/\/www.dentistarium.com\/en\/","name":"Boulevard Galeries Anjou | Dental Clinic","description":"","potentialAction":[{"@type":"SearchAction","target":{"@type":"EntryPoint","urlTemplate":"https:\/\/www.dentistarium.com\/en\/?s={search_term_string}"},"query-input":{"@type":"PropertyValueSpecification","valueRequired":true,"valueName":"search_term_string"}}],"inLanguage":"en-US"}]}},"_links":{"self":[{"href":"https:\/\/www.dentistarium.com\/en\/wp-json\/wp\/v2\/pages\/1680","targetHints":{"allow":["GET"]}}],"collection":[{"href":"https:\/\/www.dentistarium.com\/en\/wp-json\/wp\/v2\/pages"}],"about":[{"href":"https:\/\/www.dentistarium.com\/en\/wp-json\/wp\/v2\/types\/page"}],"author":[{"embeddable":true,"href":"https:\/\/www.dentistarium.com\/en\/wp-json\/wp\/v2\/users\/2"}],"replies":[{"embeddable":true,"href":"https:\/\/www.dentistarium.com\/en\/wp-json\/wp\/v2\/comments?post=1680"}],"version-history":[{"count":0,"href":"https:\/\/www.dentistarium.com\/en\/wp-json\/wp\/v2\/pages\/1680\/revisions"}],"up":[{"embeddable":true,"href":"https:\/\/www.dentistarium.com\/en\/wp-json\/wp\/v2\/pages\/1237"}],"wp:attachment":[{"href":"https:\/\/www.dentistarium.com\/en\/wp-json\/wp\/v2\/media?parent=1680"}],"curies":[{"name":"wp","href":"https:\/\/api.w.org\/{rel}","templated":true}]}}